{"id":264,"date":"2025-04-24T14:08:30","date_gmt":"2025-04-24T12:08:30","guid":{"rendered":"https:\/\/patrimoine-couzon.fr\/?page_id=264"},"modified":"2025-07-02T13:03:51","modified_gmt":"2025-07-02T11:03:51","slug":"mentions-et-credits","status":"publish","type":"page","link":"https:\/\/patrimoine-couzon.fr\/index.php\/mentions-et-credits\/","title":{"rendered":"Mentions et cr\u00e9dits"},"content":{"rendered":"\t\t<div data-elementor-type=\"wp-page\" data-elementor-id=\"264\" class=\"elementor elementor-264\" data-elementor-post-type=\"page\">\n\t\t\t\t<div class=\"elementor-element elementor-element-ff8fecc e-con-full e-flex e-con e-parent\" data-id=\"ff8fecc\" data-element_type=\"container\" data-e-type=\"container\">\n\t\t\t\t<div class=\"elementor-element elementor-element-05aff2d elementor-widget elementor-widget-html\" data-id=\"05aff2d\" data-element_type=\"widget\" data-e-type=\"widget\" data-widget_type=\"html.default\">\n\t\t\t\t<div class=\"elementor-widget-container\">\n\t\t\t\t\t<section id=\"mentions-legales\">\r\n  <h1>Mentions l\u00e9gales<\/h1>\r\n\r\n  <h2>\u00c9diteur du site<\/h2>\r\n  <p><strong>Nom de l\u2019association :<\/strong> APACO \u2013 Association pour le patrimoine de Couzon-au-Mont-d\u2019Or<br>\r\n     <strong>Adresse :<\/strong> 2, rue Louis Reverchon, 69270 Couzon-au-Mont-d'Or<br>\r\n    \r\n     <strong>Email :<\/strong> <a href=\"mailto:patrimoinedecouzonaumontdor@gmail.com\">patrimoinedecouzonaumontdor@gmail.com<\/a><br>\r\n     <strong>Responsable de la publication :<\/strong> pr\u00e9sidente de l\u2019APACO\r\n  <\/p>\r\n\r\n  <h2>Cr\u00e9ation du site<\/h2>\r\n  <p><strong>Design & d\u00e9veloppement :<\/strong><br>\r\n     <a href=\"https:\/\/kanu.fr\" target=\"_blank\" rel=\"noopener\">Kanu \u2013 Tisseur d\u2019identit\u00e9s num\u00e9riques<\/a>\r\n  <\/p>\r\n  \r\n  <h2>Illustrations<\/h2>\r\n  \r\n     <a href=\"https:\/\/www.lescrayonsdevalentine.fr\/\" target=\"_blank\" rel=\"noopener\">Les crayons de valentine<\/a>\r\n  <\/p>\r\n  \r\n\r\n\r\n  <h2>R\u00e9daction des contenus<\/h2>\r\n  <p><strong>Contenus \u00e9ditoriaux :<\/strong><br>\r\n     <a href=\"https:\/\/chouka.fr\/\" target=\"_blank\" rel=\"noopener\">Chouka \u2013 Agence \u00e9ditoriale<\/a>\r\n  <\/p>\r\n\r\n  <h2>H\u00e9bergement<\/h2>\r\n  <p><strong>H\u00e9bergeur :<\/strong><br>\r\n     O2switch<br>\r\n     222-224 Boulevard Gustave Flaubert<br>\r\n     63000 Clermont-Ferrand \u2013 France<br>\r\n     T\u00e9l. : 04 44 44 60 40<br>\r\n     <a href=\"https:\/\/www.o2switch.fr\" target=\"_blank\" rel=\"noopener\">www.o2switch.fr<\/a>\r\n  <\/p>\r\n\r\n  <h2>Propri\u00e9t\u00e9 intellectuelle<\/h2>\r\n  <p>\r\n    Tous les contenus pr\u00e9sents sur ce site (textes, images, logos, ic\u00f4nes, etc.) sont la propri\u00e9t\u00e9 exclusive de l\u2019APACO sauf mention contraire. \r\n    Toute reproduction, repr\u00e9sentation, modification ou diffusion est interdite sans autorisation pr\u00e9alable.\r\n  <\/p>\r\n\r\n  <h2>Donn\u00e9es personnelles<\/h2>\r\n  <p>\r\n    Les donn\u00e9es collect\u00e9es via le site sont utilis\u00e9es uniquement dans le cadre de la gestion des dons et des prises de contact. \r\n    Elles ne sont ni vendues ni c\u00e9d\u00e9es \u00e0 des tiers.<br>\r\n    Conform\u00e9ment au RGPD, vous disposez d\u2019un droit d\u2019acc\u00e8s, de rectification ou de suppression des donn\u00e9es vous concernant. \r\n    Vous pouvez exercer ce droit en \u00e9crivant \u00e0 : \r\n    <a href=\"mailto:patrimoinedecouzonaumontdor@gmail.com\">patrimoinedecouzonaumontdor@gmail.com<\/a>.\r\n  <\/p>\r\n\r\n  <h2>Cookies<\/h2>\r\n  <p>\r\n    Ce site utilise des cookies \u00e0 des fins de mesure d\u2019audience. Vous pouvez \u00e0 tout moment configurer votre navigateur pour refuser leur utilisation.\r\n  <\/p>\r\n<\/section>\t\t\t\t<\/div>\n\t\t\t\t<\/div>\n\t\t\t\t<\/div>\n\t\t\t\t<\/div>\n\t\t","protected":false},"excerpt":{"rendered":"<p>Mentions l\u00e9gales \u00c9diteur du site Nom de l\u2019association : APACO \u2013 Association pour le patrimoine de Couzon-au-Mont-d\u2019Or Adresse : 2, rue Louis Reverchon, 69270 Couzon-au-Mont-d&rsquo;Or Email : patrimoinedecouzonaumontdor@gmail.com Responsable de la publication : pr\u00e9sidente de l\u2019APACO Cr\u00e9ation du site Design &#038; d\u00e9veloppement : Kanu \u2013 Tisseur d\u2019identit\u00e9s num\u00e9riques Illustrations Les crayons de valentine R\u00e9daction des [&hellip;]<\/p>\n","protected":false},"author":1,"featured_media":22,"parent":0,"menu_order":0,"comment_status":"closed","ping_status":"closed","template":"","meta":{"footnotes":""},"class_list":["post-264","page","type-page","status-publish","has-post-thumbnail","hentry"],"yoast_head":"<!-- This site is optimized with the Yoast SEO plugin v24.9 - https:\/\/yoast.com\/wordpress\/plugins\/seo\/ -->\n<title>Mentions et cr\u00e9dits - Patrimoine Couzon<\/title>\n<meta name=\"robots\" content=\"index, follow, max-snippet:-1, max-image-preview:large, max-video-preview:-1\" \/>\n<link rel=\"canonical\" href=\"https:\/\/patrimoine-couzon.fr\/index.php\/mentions-et-credits\/\" \/>\n<meta property=\"og:locale\" content=\"fr_FR\" \/>\n<meta property=\"og:type\" content=\"article\" \/>\n<meta property=\"og:title\" content=\"Mentions et cr\u00e9dits - Patrimoine Couzon\" \/>\n<meta property=\"og:description\" content=\"Mentions l\u00e9gales \u00c9diteur du site Nom de l\u2019association : APACO \u2013 Association pour le patrimoine de Couzon-au-Mont-d\u2019Or Adresse : 2, rue Louis Reverchon, 69270 Couzon-au-Mont-d&rsquo;Or Email : patrimoinedecouzonaumontdor@gmail.com Responsable de la publication : pr\u00e9sidente de l\u2019APACO Cr\u00e9ation du site Design &#038; d\u00e9veloppement : Kanu \u2013 Tisseur d\u2019identit\u00e9s num\u00e9riques Illustrations Les crayons de valentine R\u00e9daction des [&hellip;]\" \/>\n<meta property=\"og:url\" content=\"https:\/\/patrimoine-couzon.fr\/index.php\/mentions-et-credits\/\" \/>\n<meta property=\"og:site_name\" content=\"Patrimoine Couzon\" \/>\n<meta property=\"article:modified_time\" content=\"2025-07-02T11:03:51+00:00\" \/>\n<meta property=\"og:image\" content=\"https:\/\/patrimoine-couzon.fr\/wp-content\/uploads\/2025\/04\/logo-patrimoine-couzon-apaco-png.webp\" \/>\n\t<meta property=\"og:image:width\" content=\"312\" \/>\n\t<meta property=\"og:image:height\" content=\"70\" \/>\n\t<meta property=\"og:image:type\" content=\"image\/webp\" \/>\n<meta name=\"twitter:card\" content=\"summary_large_image\" \/>\n<meta name=\"twitter:label1\" content=\"Dur\u00e9e de lecture estim\u00e9e\" \/>\n\t<meta name=\"twitter:data1\" content=\"1 minute\" \/>\n<script type=\"application\/ld+json\" class=\"yoast-schema-graph\">{\"@context\":\"https:\/\/schema.org\",\"@graph\":[{\"@type\":\"WebPage\",\"@id\":\"https:\/\/patrimoine-couzon.fr\/index.php\/mentions-et-credits\/\",\"url\":\"https:\/\/patrimoine-couzon.fr\/index.php\/mentions-et-credits\/\",\"name\":\"Mentions et cr\u00e9dits - Patrimoine Couzon\",\"isPartOf\":{\"@id\":\"https:\/\/patrimoine-couzon.fr\/#website\"},\"primaryImageOfPage\":{\"@id\":\"https:\/\/patrimoine-couzon.fr\/index.php\/mentions-et-credits\/#primaryimage\"},\"image\":{\"@id\":\"https:\/\/patrimoine-couzon.fr\/index.php\/mentions-et-credits\/#primaryimage\"},\"thumbnailUrl\":\"https:\/\/patrimoine-couzon.fr\/wp-content\/uploads\/2025\/04\/logo-patrimoine-couzon-apaco-png.webp\",\"datePublished\":\"2025-04-24T12:08:30+00:00\",\"dateModified\":\"2025-07-02T11:03:51+00:00\",\"breadcrumb\":{\"@id\":\"https:\/\/patrimoine-couzon.fr\/index.php\/mentions-et-credits\/#breadcrumb\"},\"inLanguage\":\"fr-FR\",\"potentialAction\":[{\"@type\":\"ReadAction\",\"target\":[\"https:\/\/patrimoine-couzon.fr\/index.php\/mentions-et-credits\/\"]}]},{\"@type\":\"ImageObject\",\"inLanguage\":\"fr-FR\",\"@id\":\"https:\/\/patrimoine-couzon.fr\/index.php\/mentions-et-credits\/#primaryimage\",\"url\":\"https:\/\/patrimoine-couzon.fr\/wp-content\/uploads\/2025\/04\/logo-patrimoine-couzon-apaco-png.webp\",\"contentUrl\":\"https:\/\/patrimoine-couzon.fr\/wp-content\/uploads\/2025\/04\/logo-patrimoine-couzon-apaco-png.webp\",\"width\":312,\"height\":70,\"caption\":\"Logo APACO Couzon les monts d'or\"},{\"@type\":\"BreadcrumbList\",\"@id\":\"https:\/\/patrimoine-couzon.fr\/index.php\/mentions-et-credits\/#breadcrumb\",\"itemListElement\":[{\"@type\":\"ListItem\",\"position\":1,\"name\":\"Home\",\"item\":\"https:\/\/patrimoine-couzon.fr\/\"},{\"@type\":\"ListItem\",\"position\":2,\"name\":\"Mentions et cr\u00e9dits\"}]},{\"@type\":\"WebSite\",\"@id\":\"https:\/\/patrimoine-couzon.fr\/#website\",\"url\":\"https:\/\/patrimoine-couzon.fr\/\",\"name\":\"Patrimoine Couzon APACO\",\"description\":\"Ensemble, \u0153uvrons pour la restauration de l\u2019\u00e9glise de Couzon-au-Mont-d\u2019Or\",\"publisher\":{\"@id\":\"https:\/\/patrimoine-couzon.fr\/#organization\"},\"alternateName\":\"L\u2019association pour le patrimoine de Couzon (APACO)\",\"potentialAction\":[{\"@type\":\"SearchAction\",\"target\":{\"@type\":\"EntryPoint\",\"urlTemplate\":\"https:\/\/patrimoine-couzon.fr\/?s={search_term_string}\"},\"query-input\":{\"@type\":\"PropertyValueSpecification\",\"valueRequired\":true,\"valueName\":\"search_term_string\"}}],\"inLanguage\":\"fr-FR\"},{\"@type\":\"Organization\",\"@id\":\"https:\/\/patrimoine-couzon.fr\/#organization\",\"name\":\"Patrimoine Couzon APACO\",\"alternateName\":\"L\u2019association pour le patrimoine de Couzon (APACO)\",\"url\":\"https:\/\/patrimoine-couzon.fr\/\",\"logo\":{\"@type\":\"ImageObject\",\"inLanguage\":\"fr-FR\",\"@id\":\"https:\/\/patrimoine-couzon.fr\/#\/schema\/logo\/image\/\",\"url\":\"https:\/\/patrimoine-couzon.fr\/wp-content\/uploads\/2025\/04\/logo-patrimoine-couzon-apaco-png.webp\",\"contentUrl\":\"https:\/\/patrimoine-couzon.fr\/wp-content\/uploads\/2025\/04\/logo-patrimoine-couzon-apaco-png.webp\",\"width\":312,\"height\":70,\"caption\":\"Patrimoine Couzon APACO\"},\"image\":{\"@id\":\"https:\/\/patrimoine-couzon.fr\/#\/schema\/logo\/image\/\"}}]}<\/script>\n<!-- \/ Yoast SEO plugin. -->","yoast_head_json":{"title":"Mentions et cr\u00e9dits - Patrimoine Couzon","robots":{"index":"index","follow":"follow","max-snippet":"max-snippet:-1","max-image-preview":"max-image-preview:large","max-video-preview":"max-video-preview:-1"},"canonical":"https:\/\/patrimoine-couzon.fr\/index.php\/mentions-et-credits\/","og_locale":"fr_FR","og_type":"article","og_title":"Mentions et cr\u00e9dits - Patrimoine Couzon","og_description":"Mentions l\u00e9gales \u00c9diteur du site Nom de l\u2019association : APACO \u2013 Association pour le patrimoine de Couzon-au-Mont-d\u2019Or Adresse : 2, rue Louis Reverchon, 69270 Couzon-au-Mont-d&rsquo;Or Email : patrimoinedecouzonaumontdor@gmail.com Responsable de la publication : pr\u00e9sidente de l\u2019APACO Cr\u00e9ation du site Design &#038; d\u00e9veloppement : Kanu \u2013 Tisseur d\u2019identit\u00e9s num\u00e9riques Illustrations Les crayons de valentine R\u00e9daction des [&hellip;]","og_url":"https:\/\/patrimoine-couzon.fr\/index.php\/mentions-et-credits\/","og_site_name":"Patrimoine Couzon","article_modified_time":"2025-07-02T11:03:51+00:00","og_image":[{"width":312,"height":70,"url":"https:\/\/patrimoine-couzon.fr\/wp-content\/uploads\/2025\/04\/logo-patrimoine-couzon-apaco-png.webp","type":"image\/webp"}],"twitter_card":"summary_large_image","twitter_misc":{"Dur\u00e9e de lecture estim\u00e9e":"1 minute"},"schema":{"@context":"https:\/\/schema.org","@graph":[{"@type":"WebPage","@id":"https:\/\/patrimoine-couzon.fr\/index.php\/mentions-et-credits\/","url":"https:\/\/patrimoine-couzon.fr\/index.php\/mentions-et-credits\/","name":"Mentions et cr\u00e9dits - Patrimoine Couzon","isPartOf":{"@id":"https:\/\/patrimoine-couzon.fr\/#website"},"primaryImageOfPage":{"@id":"https:\/\/patrimoine-couzon.fr\/index.php\/mentions-et-credits\/#primaryimage"},"image":{"@id":"https:\/\/patrimoine-couzon.fr\/index.php\/mentions-et-credits\/#primaryimage"},"thumbnailUrl":"https:\/\/patrimoine-couzon.fr\/wp-content\/uploads\/2025\/04\/logo-patrimoine-couzon-apaco-png.webp","datePublished":"2025-04-24T12:08:30+00:00","dateModified":"2025-07-02T11:03:51+00:00","breadcrumb":{"@id":"https:\/\/patrimoine-couzon.fr\/index.php\/mentions-et-credits\/#breadcrumb"},"inLanguage":"fr-FR","potentialAction":[{"@type":"ReadAction","target":["https:\/\/patrimoine-couzon.fr\/index.php\/mentions-et-credits\/"]}]},{"@type":"ImageObject","inLanguage":"fr-FR","@id":"https:\/\/patrimoine-couzon.fr\/index.php\/mentions-et-credits\/#primaryimage","url":"https:\/\/patrimoine-couzon.fr\/wp-content\/uploads\/2025\/04\/logo-patrimoine-couzon-apaco-png.webp","contentUrl":"https:\/\/patrimoine-couzon.fr\/wp-content\/uploads\/2025\/04\/logo-patrimoine-couzon-apaco-png.webp","width":312,"height":70,"caption":"Logo APACO Couzon les monts d'or"},{"@type":"BreadcrumbList","@id":"https:\/\/patrimoine-couzon.fr\/index.php\/mentions-et-credits\/#breadcrumb","itemListElement":[{"@type":"ListItem","position":1,"name":"Home","item":"https:\/\/patrimoine-couzon.fr\/"},{"@type":"ListItem","position":2,"name":"Mentions et cr\u00e9dits"}]},{"@type":"WebSite","@id":"https:\/\/patrimoine-couzon.fr\/#website","url":"https:\/\/patrimoine-couzon.fr\/","name":"Patrimoine Couzon APACO","description":"Ensemble, \u0153uvrons pour la restauration de l\u2019\u00e9glise de Couzon-au-Mont-d\u2019Or","publisher":{"@id":"https:\/\/patrimoine-couzon.fr\/#organization"},"alternateName":"L\u2019association pour le patrimoine de Couzon (APACO)","potentialAction":[{"@type":"SearchAction","target":{"@type":"EntryPoint","urlTemplate":"https:\/\/patrimoine-couzon.fr\/?s={search_term_string}"},"query-input":{"@type":"PropertyValueSpecification","valueRequired":true,"valueName":"search_term_string"}}],"inLanguage":"fr-FR"},{"@type":"Organization","@id":"https:\/\/patrimoine-couzon.fr\/#organization","name":"Patrimoine Couzon APACO","alternateName":"L\u2019association pour le patrimoine de Couzon (APACO)","url":"https:\/\/patrimoine-couzon.fr\/","logo":{"@type":"ImageObject","inLanguage":"fr-FR","@id":"https:\/\/patrimoine-couzon.fr\/#\/schema\/logo\/image\/","url":"https:\/\/patrimoine-couzon.fr\/wp-content\/uploads\/2025\/04\/logo-patrimoine-couzon-apaco-png.webp","contentUrl":"https:\/\/patrimoine-couzon.fr\/wp-content\/uploads\/2025\/04\/logo-patrimoine-couzon-apaco-png.webp","width":312,"height":70,"caption":"Patrimoine Couzon APACO"},"image":{"@id":"https:\/\/patrimoine-couzon.fr\/#\/schema\/logo\/image\/"}}]}},"_links":{"self":[{"href":"https:\/\/patrimoine-couzon.fr\/index.php\/wp-json\/wp\/v2\/pages\/264","targetHints":{"allow":["GET"]}}],"collection":[{"href":"https:\/\/patrimoine-couzon.fr\/index.php\/wp-json\/wp\/v2\/pages"}],"about":[{"href":"https:\/\/patrimoine-couzon.fr\/index.php\/wp-json\/wp\/v2\/types\/page"}],"author":[{"embeddable":true,"href":"https:\/\/patrimoine-couzon.fr\/index.php\/wp-json\/wp\/v2\/users\/1"}],"replies":[{"embeddable":true,"href":"https:\/\/patrimoine-couzon.fr\/index.php\/wp-json\/wp\/v2\/comments?post=264"}],"version-history":[{"count":16,"href":"https:\/\/patrimoine-couzon.fr\/index.php\/wp-json\/wp\/v2\/pages\/264\/revisions"}],"predecessor-version":[{"id":604,"href":"https:\/\/patrimoine-couzon.fr\/index.php\/wp-json\/wp\/v2\/pages\/264\/revisions\/604"}],"wp:featuredmedia":[{"embeddable":true,"href":"https:\/\/patrimoine-couzon.fr\/index.php\/wp-json\/wp\/v2\/media\/22"}],"wp:attachment":[{"href":"https:\/\/patrimoine-couzon.fr\/index.php\/wp-json\/wp\/v2\/media?parent=264"}],"curies":[{"name":"wp","href":"https:\/\/api.w.org\/{rel}","templated":true}]}}